{"id":2568,"date":"2017-04-25T16:16:39","date_gmt":"2017-04-25T14:16:39","guid":{"rendered":"http:\/\/www.patent-meyer.com\/?page_id=2568"},"modified":"2017-05-23T10:55:05","modified_gmt":"2017-05-23T08:55:05","slug":"imprint","status":"publish","type":"page","link":"https:\/\/www.patent-meyer.com\/en\/imprint\/","title":{"rendered":"Imprint"},"content":{"rendered":"<p>[vc_row css=&#8221;.vc_custom_1492521603071{margin-top: 30px !important;}&#8221;][vc_column][vc_column_text]<\/p>\n<h4 style=\"text-align: center;\">Imprint<\/h4>\n<p>[\/vc_column_text][vc_separator color=&#8221;custom&#8221; border_width=&#8221;6&#8243; el_width=&#8221;10&#8243; accent_color=&#8221;#b1936e&#8221; css=&#8221;.vc_custom_1492521590087{margin-top: 0px !important;}&#8221;][\/vc_column][\/vc_row][vc_row gap=&#8221;25&#8243; css=&#8221;.vc_custom_1492521657735{margin-top: 30px !important;}&#8221;][vc_column width=&#8221;1\/2&#8243;][vc_column_text]<strong>Verantwortlich f\u00fcr den Inhalt und Domaineigner:<\/strong><\/p>\n<p><strong>Thorsten Meyer<\/strong><br \/>\nDiplomphysiker<br \/>\nPatentanwalt (DE)<br \/>\nEuropean Patent Attorney<br \/>\nEuropean Trademark Attorney<br \/>\nEuropean Design Attorney<\/p>\n<p>Pfarrer-Schultes-Weg 14<br \/>\nD-89077 Ulm<br \/>\nDeutschland<br \/>\nTel: + 49 &#8211; 731 \u2013 36 00 666<br \/>\nEmail: <a href=\"mailto:webmaster@patent-meyer.de\">eMail<\/a><\/p>\n<p><strong>Umsatzsteueridentifikationsnummer:<\/strong><\/p>\n<p>VAT-No: DE225549546<\/p>\n<p><strong>Angaben gem\u00e4\u00df \u00a7 5 Telemediengesetz (TMG) und der Dienstleistungs-Informationspflichten-Verordnung (DL-InfoV):<\/strong><\/p>\n<p><strong>Es gelten folgende Geb\u00fchren- und Berufsordnungen (\u00a7 5 Abs. 1 Nr. 5 c TMG):<\/strong><\/p>\n<p>www.patentanwaltskammer.de (BOPA &#8211; Berufsordnung der Patentanw\u00e4lte, PatAnwO \u2013 Patentanwaltsordnung, EPI &#8211; Standesregeln, FICPI \u2013 Standesregeln)<\/p>\n<p>www.brak.de (Texte Berufsrecht: BRAO \u2013 Berufsordnung der Rechtsanw\u00e4lte, BORA \u2013 Berufsordnung der Rechtsanw\u00e4lte, FAO \u2013 Fachanwaltsordnung; RVG \u2013 Rechtsanwaltsverg\u00fctungsgesetz)<\/p>\n<p><strong>Name des Diensteanbieters (\u00a7 5 Abs. 1 Nr. 1 TMG) und Kontaktdaten (\u00a7 5 Abs. 1 Nr. 2 TMG):<\/strong><\/p>\n<p>Patentanwaltskanzlei Meyer<br \/>\nPfarrer-Schultes-Weg 14<br \/>\nD-89077 Ulm<br \/>\nDeutschland<br \/>\nTel: + 49 &#8211; 731 \u2013 36 00 666<br \/>\nFax: + 49 &#8211; 1212 \u2013 5 136 80 374<br \/>\nEmail: <a href=\"mailto:kontakt@patent-meyer.de\">eMail<\/a><\/p>\n<p><strong>Angabe der Kammern (\u00a7 5 Abs. 1 Nr. 5 a TMG i.V.m. Nr. 5 a TMG):<\/strong><\/p>\n<p>Patentanwaltskammer<br \/>\nTal 29<br \/>\n80331 M\u00fcnchen<br \/>\nTel. 089 \/ 242278-0<br \/>\nFax 089 \/ 242278-24<br \/>\nE-Mail: dpak@patentanwalt.de<br \/>\nwww.patentanwaltskammer.de<\/p>\n<p><strong>Zust\u00e4ndige Aufsichtsbeh\u00f6rden(\u00a7 5 Abs. 1 Nr. 3 TMG):<\/strong><\/p>\n<p>Pr\u00e4sident des Deutschen Patent- und Markenamtes<br \/>\nZweibr\u00fcckenstr. 12<br \/>\n80331 M\u00fcnchen<br \/>\nTelefon: +49 89 2195-0<br \/>\nTelefax: +49 89 2195-2221<br \/>\nE-Mail: post@dpma.de<br \/>\nwww.dpma.de<\/p>\n<p><strong>Berufsbezeichnungen (\u00a7 5 Abs. 1 Nr. 5 b TMG):<\/strong><\/p>\n<p>Thorsten Meyer:<br \/>\nPatentanwalt, European Trademark and Design Attorney, European Patent Attorney<\/p>\n<p><strong>Zulassungsbeh\u00f6rden (\u00a7 5 Abs. 1 Nr. 5 b TMG):<\/strong><\/p>\n<p>Die gesetzliche Berufsbezeichnung \u201ePatentanwalt\/Patentanw\u00e4ltin\u201c wurde vom Deutschen Patent- und Markenamt, Zweibr\u00fcckenstr. 12, 80331 M\u00fcnchen verliehen.<\/p>\n<p>Die Berufsbezeichnung \u201eEuropean Patent Attorney\u201c wurde vom Europ\u00e4ischen Patentamt, Erhardtstr. 27, 80469 M\u00fcnchen verliehen.<\/p>\n<p>\u201eEurop\u00e4ischer Markenvertreter\u201c oder \u201eEuropean Trademark Attorney\u201c ist die Bezeichnung der zugelassenen Vertreter nach der Empfehlung des Verwaltungsrates des Amts der Europ\u00e4ischen Union f\u00fcr geistiges Eigentum (EUIPO). (http:\/\/euipo.europa.eu \/)<\/p>\n<p><strong>Ust-IDNr. (\u00a7 5 Abs. 1 Nr. 6 TMG):<\/strong><\/p>\n<p>DE225549546<\/p>\n<p><b>Weitere Angaben nach der DL-InfoV:<\/b><\/p>\n<ol>\n<li>Die Kanzlei ist als \u00fcber\u00f6rtliche Kanzlei in der Rechtsform einer Gesellschaft b\u00fcrgerlichen Rechts (GbR) t\u00e4tig.<\/li>\n<li>Patentanw\u00e4lte und Patentanw\u00e4ltinnen sind aufgrund der Patentanwaltsordnung und Rechtsanw\u00e4ltinnen und Rechtsanw\u00e4lte sind aufgrund der Bundesrechtsanwaltsordnung (BRAO) verpflichtet, eine Berufshaftpflichtversicherung mit einer Mindestversicherungssumme von 250.000 \u20ac zu unterhalten. Die Einzelheiten ergeben sich aus \u00a7 45 PAO und \u00a7 51 BRAO. Die Kontaktdaten der Haftpflichtversicherung unserer Kanzlei lauten:<br \/>\nR + V Allgemeine Versicherung AG, Taunusstra\u00dfe 1, 65193 Wiesbaden.<\/li>\n<\/ol>\n<p>[\/vc_column_text][\/vc_column][vc_column width=&#8221;1\/2&#8243;][vc_column_text]<\/p>\n<ol>\n<li value=\"3\">Die Abrechnung der rechtsanwaltlichen T\u00e4tigkeit findet grunds\u00e4tzlich nach dem Rechtsanwaltsverg\u00fctungsgesetz statt (RVG). Soweit abweichend abgerechnet werden soll, werden Geb\u00fchrenvereinbarungen (\u00a7 34 RVG) und Verg\u00fctungsvereinbarungen (\u00a7 3 a ff. RVG) mit dem Mandanten vor \u00dcbernahme des Mandates ausgehandelt und in Textform bzw. schriftlich niedergelegt.<\/li>\n<li>Es wird darauf hingewiesen, dass f\u00fcr Streitigkeiten zwischen der Kanzlei und dem Mandanten zur Vermeidung eines Rechtsstreites die zust\u00e4ndige die Patentanwaltskammer M\u00fcnchen f\u00fcr Schlichtungen eine Schlichtungsstelle unterh\u00e4lt.<\/li>\n<\/ol>\n<p>Die Anschrift der Schlichtungsstelle lautet:<\/p>\n<p>Patentanwaltskammer<br \/>\nTal 29<br \/>\n80331 M\u00fcnchen<br \/>\nTel. 089 \/ 242278-0<br \/>\nFax 089 \/ 242278-24<br \/>\nE-Mail: dpak@patentanwalt.de<br \/>\nwww.patentanwaltskammer.de<\/p>\n<p><strong>Bildnutzungsrechte<\/strong><br \/>\n<em>Home<\/em><br \/>\nFotolia, \u00a9 <a href=\"https:\/\/de.fotolia.com\/id\/91615637#\">ty<\/a><br \/>\nFotolia, \u00a9 <a href=\"https:\/\/de.fotolia.com\/id\/136040526#\">UBER IMAGES<\/a><br \/>\nFotolia, \u00a9\u00a0<a href=\"https:\/\/de.fotolia.com\/id\/88452220#\">everythingpossible<\/a><\/p>\n<p><em>Information<\/em> u. a.<br \/>\nFotolia, \u00a9\u00a0<a href=\"https:\/\/de.fotolia.com\/id\/103167763#\">nikkytok<\/a><\/p>\n<p><em>Gebrauchsmuster<\/em><br \/>\nFotolia, \u00a9\u00a0<a href=\"https:\/\/de.fotolia.com\/id\/90886695\">shaiith<\/a><\/p>\n<p><em>Marken<\/em><br \/>\nFotolia, \u00a9\u00a0<a href=\"https:\/\/de.fotolia.com\/id\/99428698\">sebra<\/a><\/p>\n<p><em>Geschmacksmuster<\/em><br \/>\nFotolia, \u00a9\u00a0<a href=\"https:\/\/de.fotolia.com\/id\/107896023\">3darcastudio<\/a><\/p>\n<p><em>Kooperation<\/em><br \/>\nFotolia, \u00a9 <a href=\"https:\/\/de.fotolia.com\/id\/114400755#\">Rawpixel.com<\/a><\/p>\n<p><em>Kontakt<\/em><br \/>\nFotolia, \u00a9 <a href=\"https:\/\/de.fotolia.com\/id\/91410586\">Brian Jackson<\/a><\/p>\n<p><em>Impressum, Datenschutz<\/em><br \/>\nFotolia, \u00a9 <a href=\"https:\/\/de.fotolia.com\/id\/114657301\">Rawpixel.com<\/a><\/p>\n<p><strong>Website-Design<\/strong><br \/>\n<a href=\"http:\/\/www.stachederundsander.de\/\" target=\"_blank\" rel=\"noopener noreferrer\">www.stachederundsander.de<\/a><\/p>\n<p><strong>Website-Programmierung<\/strong><br \/>\n<a href=\"http:\/\/www.derheckser.de\/\" target=\"_blank\" rel=\"noopener noreferrer\">www.derheckser.de<\/a><\/p>\n<p>Copyright 2017-2026\u00a0\/ Urheberrecht<\/p>\n<p>Patentanwaltskanzlei Meyer beh\u00e4lt sich alle Rechte an dieser Website vor. Texte, Bilder und Graphiken sowie deren Anordnung auf dieser Website unterliegen dem Schutz des Urheberrechts und anderer Schutzrechte. Der Inhalt dieser Website darf nicht zu kommerziellen Zwecken kopiert, verbreitet, ver\u00e4ndert oder Dritten zug\u00e4nglich gemacht werden. Die Website enth\u00e4lt zudem Bilder, die dem Copyright Dritter unterliegen.<\/p>\n<p><strong>Haftungsausschluss<\/strong><\/p>\n<p>Alle Inhalte dieser Seite sind ausschlie\u00dflich zur allgemeinen Information \u00fcber den gewerblichen Rechtsschutz in Deutschland, Europa und weltweit gedacht. Wir haben die Seiten sorgf\u00e4ltig zusammengestellt, k\u00f6nnen dennoch keine Gew\u00e4hr f\u00fcr die Vollst\u00e4ndigkeit, Richtigkeit und Aktualit\u00e4t der angebotenen Inhalte \u00fcbernehmen. Die Inhalte dieser Seiten sind weder geeignet noch bestimmt, als rechtliche Auskunft oder Rechtsberatung f\u00fcr einen bestimmten Fall herangezogen zu werden. Durch die Pr\u00e4sentation dieser Informationen wird kein Mandatsverh\u00e4ltnis begr\u00fcndet. Jede Haftung aus der Nutzung dieser Informationen ist ausgeschlossen. Da die Gesetzeslage auf dem Gebiet des gewerblichen Rechtsschutzes vielgestaltig und komplex ist, sollten Sie sich von einem Patentsanwalt Ihrer Wahl beraten lassen, bevor Sie Entscheidungen treffen oder Ma\u00dfnahmen ergreifen. Ein Mandatsverh\u00e4ltnis kommt durch die Benutzung der abrufbaren Inhalte nicht zustande.<\/p>\n<p>Ebenso k\u00f6nnen wir eine Haftung f\u00fcr die Links auf fremde Seiten nicht \u00fcbernehmen, obwohl wir auch diese sehr sorgf\u00e4ltig \u00fcberpr\u00fcft haben, bevor sie aufgenommen wurden. Auf die Gestaltung und den Inhalt dieser Webseiten hat der Eigner keinerlei Einfluss. Sollte ein Link strafbaren oder \u00e4rgerniserregenden Inhalt enthalten oder unmittelbar auf eine Seite verweisen, die derartigen Inhalt enth\u00e4lt, bitten wir Sie, uns eine Nachricht zukommen zu lassen. Wir werden diesen Link dann entfernen.[\/vc_column_text][\/vc_column][\/vc_row]<\/p>\n","protected":false},"excerpt":{"rendered":"<p>[vc_row css=&#8221;.vc_custom_1492521603071{margin-top: 30px !important;}&#8221;][vc_column][vc_column_text] Imprint [\/vc_column_text][vc_separator color=&#8221;custom&#8221; border_width=&#8221;6&#8243; el_width=&#8221;10&#8243; accent_color=&#8221;#b1936e&#8221; css=&#8221;.vc_custom_1492521590087{margin-top: 0px !important;}&#8221;][\/vc_column][\/vc_row][vc_row gap=&#8221;25&#8243; css=&#8221;.vc_custom_1492521657735{margin-top: 30px !important;}&#8221;][vc_column width=&#8221;1\/2&#8243;][vc_column_text]Verantwortlich f\u00fcr den Inhalt und Domaineigner: Thorsten Meyer Diplomphysiker<span class=\"excerpt-hellip\"> [\u2026]<\/span><\/p>\n","protected":false},"author":1,"featured_media":0,"parent":0,"menu_order":0,"comment_status":"closed","ping_status":"closed","template":"","meta":{"footnotes":""},"class_list":["post-2568","page","type-page","status-publish","hentry"],"yoast_head":"<!-- This site is optimized with the Yoast SEO plugin v20.8 - https:\/\/yoast.com\/wordpress\/plugins\/seo\/ -->\n<title>Imprint - Meyer Patentanwaltskanzlei<\/title>\n<meta name=\"robots\" content=\"index, follow, max-snippet:-1, max-image-preview:large, max-video-preview:-1\" \/>\n<link rel=\"canonical\" href=\"https:\/\/www.patent-meyer.com\/en\/imprint\/\" \/>\n<meta property=\"og:locale\" content=\"en_US\" \/>\n<meta property=\"og:type\" content=\"article\" \/>\n<meta property=\"og:title\" content=\"Imprint - Meyer Patentanwaltskanzlei\" \/>\n<meta property=\"og:description\" content=\"[vc_row css=&#8221;.vc_custom_1492521603071{margin-top: 30px !important;}&#8221;][vc_column][vc_column_text] Imprint [\/vc_column_text][vc_separator color=&#8221;custom&#8221; border_width=&#8221;6&#8243; el_width=&#8221;10&#8243; accent_color=&#8221;#b1936e&#8221; css=&#8221;.vc_custom_1492521590087{margin-top: 0px !important;}&#8221;][\/vc_column][\/vc_row][vc_row gap=&#8221;25&#8243; css=&#8221;.vc_custom_1492521657735{margin-top: 30px !important;}&#8221;][vc_column width=&#8221;1\/2&#8243;][vc_column_text]Verantwortlich f\u00fcr den Inhalt und Domaineigner: Thorsten Meyer Diplomphysiker [\u2026]\" \/>\n<meta property=\"og:url\" content=\"https:\/\/www.patent-meyer.com\/en\/imprint\/\" \/>\n<meta property=\"og:site_name\" content=\"Meyer Patentanwaltskanzlei\" \/>\n<meta property=\"article:modified_time\" content=\"2017-05-23T08:55:05+00:00\" \/>\n<meta name=\"twitter:card\" content=\"summary_large_image\" \/>\n<meta name=\"twitter:label1\" content=\"Est. reading time\" \/>\n\t<meta name=\"twitter:data1\" content=\"4 minutes\" \/>\n<script type=\"application\/ld+json\" class=\"yoast-schema-graph\">{\"@context\":\"https:\/\/schema.org\",\"@graph\":[{\"@type\":\"WebPage\",\"@id\":\"https:\/\/www.patent-meyer.com\/en\/imprint\/\",\"url\":\"https:\/\/www.patent-meyer.com\/en\/imprint\/\",\"name\":\"Imprint - Meyer Patentanwaltskanzlei\",\"isPartOf\":{\"@id\":\"https:\/\/www.patent-meyer.com\/#website\"},\"datePublished\":\"2017-04-25T14:16:39+00:00\",\"dateModified\":\"2017-05-23T08:55:05+00:00\",\"breadcrumb\":{\"@id\":\"https:\/\/www.patent-meyer.com\/en\/imprint\/#breadcrumb\"},\"inLanguage\":\"en-US\",\"potentialAction\":[{\"@type\":\"ReadAction\",\"target\":[\"https:\/\/www.patent-meyer.com\/en\/imprint\/\"]}]},{\"@type\":\"BreadcrumbList\",\"@id\":\"https:\/\/www.patent-meyer.com\/en\/imprint\/#breadcrumb\",\"itemListElement\":[{\"@type\":\"ListItem\",\"position\":1,\"name\":\"Home\",\"item\":\"https:\/\/www.patent-meyer.com\/en\/\"},{\"@type\":\"ListItem\",\"position\":2,\"name\":\"Imprint\"}]},{\"@type\":\"WebSite\",\"@id\":\"https:\/\/www.patent-meyer.com\/#website\",\"url\":\"https:\/\/www.patent-meyer.com\/\",\"name\":\"Meyer Patentanwaltskanzlei\",\"description\":\"European Patent Attorney\",\"potentialAction\":[{\"@type\":\"SearchAction\",\"target\":{\"@type\":\"EntryPoint\",\"urlTemplate\":\"https:\/\/www.patent-meyer.com\/?s={search_term_string}\"},\"query-input\":\"required name=search_term_string\"}],\"inLanguage\":\"en-US\"}]}<\/script>\n<!-- \/ Yoast SEO plugin. -->","yoast_head_json":{"title":"Imprint - Meyer Patentanwaltskanzlei","robots":{"index":"index","follow":"follow","max-snippet":"max-snippet:-1","max-image-preview":"max-image-preview:large","max-video-preview":"max-video-preview:-1"},"canonical":"https:\/\/www.patent-meyer.com\/en\/imprint\/","og_locale":"en_US","og_type":"article","og_title":"Imprint - Meyer Patentanwaltskanzlei","og_description":"[vc_row css=&#8221;.vc_custom_1492521603071{margin-top: 30px !important;}&#8221;][vc_column][vc_column_text] Imprint [\/vc_column_text][vc_separator color=&#8221;custom&#8221; border_width=&#8221;6&#8243; el_width=&#8221;10&#8243; accent_color=&#8221;#b1936e&#8221; css=&#8221;.vc_custom_1492521590087{margin-top: 0px !important;}&#8221;][\/vc_column][\/vc_row][vc_row gap=&#8221;25&#8243; css=&#8221;.vc_custom_1492521657735{margin-top: 30px !important;}&#8221;][vc_column width=&#8221;1\/2&#8243;][vc_column_text]Verantwortlich f\u00fcr den Inhalt und Domaineigner: Thorsten Meyer Diplomphysiker [\u2026]","og_url":"https:\/\/www.patent-meyer.com\/en\/imprint\/","og_site_name":"Meyer Patentanwaltskanzlei","article_modified_time":"2017-05-23T08:55:05+00:00","twitter_card":"summary_large_image","twitter_misc":{"Est. reading time":"4 minutes"},"schema":{"@context":"https:\/\/schema.org","@graph":[{"@type":"WebPage","@id":"https:\/\/www.patent-meyer.com\/en\/imprint\/","url":"https:\/\/www.patent-meyer.com\/en\/imprint\/","name":"Imprint - Meyer Patentanwaltskanzlei","isPartOf":{"@id":"https:\/\/www.patent-meyer.com\/#website"},"datePublished":"2017-04-25T14:16:39+00:00","dateModified":"2017-05-23T08:55:05+00:00","breadcrumb":{"@id":"https:\/\/www.patent-meyer.com\/en\/imprint\/#breadcrumb"},"inLanguage":"en-US","potentialAction":[{"@type":"ReadAction","target":["https:\/\/www.patent-meyer.com\/en\/imprint\/"]}]},{"@type":"BreadcrumbList","@id":"https:\/\/www.patent-meyer.com\/en\/imprint\/#breadcrumb","itemListElement":[{"@type":"ListItem","position":1,"name":"Home","item":"https:\/\/www.patent-meyer.com\/en\/"},{"@type":"ListItem","position":2,"name":"Imprint"}]},{"@type":"WebSite","@id":"https:\/\/www.patent-meyer.com\/#website","url":"https:\/\/www.patent-meyer.com\/","name":"Meyer Patentanwaltskanzlei","description":"European Patent Attorney","potentialAction":[{"@type":"SearchAction","target":{"@type":"EntryPoint","urlTemplate":"https:\/\/www.patent-meyer.com\/?s={search_term_string}"},"query-input":"required name=search_term_string"}],"inLanguage":"en-US"}]}},"_links":{"self":[{"href":"https:\/\/www.patent-meyer.com\/en\/wp-json\/wp\/v2\/pages\/2568","targetHints":{"allow":["GET"]}}],"collection":[{"href":"https:\/\/www.patent-meyer.com\/en\/wp-json\/wp\/v2\/pages"}],"about":[{"href":"https:\/\/www.patent-meyer.com\/en\/wp-json\/wp\/v2\/types\/page"}],"author":[{"embeddable":true,"href":"https:\/\/www.patent-meyer.com\/en\/wp-json\/wp\/v2\/users\/1"}],"replies":[{"embeddable":true,"href":"https:\/\/www.patent-meyer.com\/en\/wp-json\/wp\/v2\/comments?post=2568"}],"version-history":[{"count":3,"href":"https:\/\/www.patent-meyer.com\/en\/wp-json\/wp\/v2\/pages\/2568\/revisions"}],"predecessor-version":[{"id":2725,"href":"https:\/\/www.patent-meyer.com\/en\/wp-json\/wp\/v2\/pages\/2568\/revisions\/2725"}],"wp:attachment":[{"href":"https:\/\/www.patent-meyer.com\/en\/wp-json\/wp\/v2\/media?parent=2568"}],"curies":[{"name":"wp","href":"https:\/\/api.w.org\/{rel}","templated":true}]}}